{"id":412,"date":"2021-10-28T13:04:57","date_gmt":"2021-10-28T13:04:57","guid":{"rendered":"https:\/\/adliberum.lt\/?page_id=412"},"modified":"2024-01-30T15:04:07","modified_gmt":"2024-01-30T15:04:07","slug":"paslaugu-teikimo-salygos","status":"publish","type":"page","link":"https:\/\/adliberum.lt\/mokymai\/paslaugu-teikimo-salygos\/","title":{"rendered":"Paslaug\u0173 teikimo s\u0105lygos ir privatumo politika"},"content":{"rendered":"\t\t<div data-elementor-type=\"wp-page\" data-elementor-id=\"412\" class=\"elementor elementor-412\" data-elementor-settings=\"[]\">\n\t\t\t\t\t\t\t<div class=\"elementor-section-wrap\">\n\t\t\t\t\t\t\t<section data-particle_enable=\"false\" data-particle-mobile-disabled=\"false\" class=\"elementor-section elementor-top-section elementor-element elementor-element-1776b32b elementor-section-boxed elementor-section-height-default elementor-section-height-default\" data-id=\"1776b32b\" data-element_type=\"section\" data-settings=\"{&quot;background_background&quot;:&quot;classic&quot;}\">\n\t\t\t\t\t\t<div class=\"elementor-container elementor-column-gap-default\">\n\t\t\t\t\t<div class=\"elementor-column elementor-col-100 elementor-top-column elementor-element elementor-element-d1a181\" data-id=\"d1a181\" data-element_type=\"column\">\n\t\t\t<div class=\"elementor-widget-wrap elementor-element-populated\">\n\t\t\t\t\t\t\t\t<div class=\"elementor-element elementor-element-33c2a824 elementor-widget elementor-widget-text-editor\" data-id=\"33c2a824\" data-element_type=\"widget\" data-widget_type=\"text-editor.default\">\n\t\t\t\t<div class=\"elementor-widget-container\">\n\t\t\t\t\t\t\t<p><!-- wp:heading {\"level\":4} --><\/p>\n<h4>Mokym\u0173 paslaug\u0173 teikimo taisykl\u0117s:<\/h4>\n<p><!-- \/wp:heading --><\/p>\n<p><!-- wp:paragraph --><\/p>\n<ul>\n<li>Prane\u0161us likus 5 ar daugiau dien\u0173 iki mokym\u0173 \u2013 kei\u010diame \u012f sekan\u010di\u0173 mokym\u0173 dat\u0105.<\/li>\n<li>Prane\u0161us likus 5 dienoms ar ma\u017eiau \u2013 mokes\u010dio negr\u0105\u017einame, \u012f sekan\u010di\u0105 dat\u0105 nekeliame.<\/li>\n<li>Susirinkus ma\u017eesnei nei 8 asmen\u0173 grupei, mokym\u0173 data gali b\u016bti pakeista arba mokymai at\u0161aukiami. Apie tai kiekvien\u0105 dalyv\u012f informuosime pirkimo metu mums pateiktu el. pa\u0161to adresu. Jei pasikeitusi data netinka, gr\u0105\u017einame pinigus.<\/li>\n<li>Dalintis su kitais asmenimis video ir vaizdiniu mokym\u0173 turiniu grie\u017etai draud\u017eiama ir trauktuojama kaip intelektin\u0117s nuosavyb\u0117s vagyst\u0117.<\/li>\n<\/ul>\n<h4>\u00a0<\/h4>\n<h4>Atsiskaitymas:<\/h4>\n<p class=\"p1\">Atsiskaityti galima naudojantis Swedbank, Seb, Luminor, Citadele ir \u0160iauli\u0173 bankas elektronin\u0117s bankininkyst\u0117s paslaugomis. Atsiskaityti taip pat galima tiesioginiu bankiniu pavedimu papra\u0161ius s\u0105skaitos fakt\u016bros. Atsiskaitymai galimi euro valiuta. Apmok\u0117jimai apdorojami naudojantis makecommerce.lt platforma, kurios valdytojas yra Maksekeskus AS (Niine 11, Talinas 10414, Estija, reg. nr.:12268475), tod\u0117l J\u016bs\u0173 asmenin\u0117 informacija, reikalinga mok\u0117jimo \u012fvykdymui ir patvirtinimui, bus perduodama Maksekeskus AS.<\/p>\n<p>\u00a0<\/p>\n<h4>Slapukai:<\/h4>\n<p><!-- \/wp:heading --><!-- wp:paragraph --><\/p>\n<p>Svetain\u0117je naudojami slapukai. Slapukai (angl. cookies) yra failai, kurie J\u016bs\u0173 sutikimu \u012fra\u0161omi \u012f \u012frenginio (pvz. kompiuterio, mobiliojo telefono, plan\u0161et\u0117s) nar\u0161ykl\u0119, kai J\u016bs nar\u0161ote interneto svetain\u0117je ir renkantys informacij\u0105 apie J\u016bs\u0173 nar\u0161ym\u0105. Tai \u012fprasta nar\u0161ymo interneto svetain\u0117se praktika.<\/p>\n<p>\u00a0<\/p>\n<p><!-- \/wp:paragraph --><!-- wp:heading {\"level\":4} --><\/p>\n<h4>Papildoma informacija:<\/h4>\n<p><!-- \/wp:heading --><!-- wp:paragraph --><\/p>\n<p>Jeigu norite gauti informacij\u0105 apie apie j\u016bs\u0173 asmeninius duomenis, kreipkit\u0117s \u012f mus el. pa\u0161tu daugvinas@adliberum.lt<\/p>\n<p><!-- \/wp:paragraph --><\/p>\t\t\t\t\t\t<\/div>\n\t\t\t\t<\/div>\n\t\t\t\t\t<\/div>\n\t\t<\/div>\n\t\t\t\t\t\t\t<\/div>\n\t\t<\/section>\n\t\t\t\t\t\t<\/div>\n\t\t\t\t\t<\/div>\n\t\t","protected":false},"excerpt":{"rendered":"<p>Mokym\u0173 paslaug\u0173 teikimo taisykl\u0117s: Prane\u0161us likus 5 ar daugiau dien\u0173 iki mokym\u0173 \u2013 kei\u010diame \u012f sekan\u010di\u0173 mokym\u0173 dat\u0105. Prane\u0161us likus 5 dienoms ar ma\u017eiau \u2013 mokes\u010dio negr\u0105\u017einame, \u012f sekan\u010di\u0105 dat\u0105 nekeliame. Susirinkus ma\u017eesnei nei 8 asmen\u0173 grupei, mokym\u0173 data gali b\u016bti pakeista arba mokymai at\u0161aukiami. Apie tai kiekvien\u0105 dalyv\u012f informuosime pirkimo metu mums pateiktu el. [&hellip;]<\/p>\n","protected":false},"author":1,"featured_media":0,"parent":0,"menu_order":0,"comment_status":"closed","ping_status":"closed","template":"","meta":[],"_links":{"self":[{"href":"https:\/\/adliberum.lt\/mokymai\/wp-json\/wp\/v2\/pages\/412"}],"collection":[{"href":"https:\/\/adliberum.lt\/mokymai\/wp-json\/wp\/v2\/pages"}],"about":[{"href":"https:\/\/adliberum.lt\/mokymai\/wp-json\/wp\/v2\/types\/page"}],"author":[{"embeddable":true,"href":"https:\/\/adliberum.lt\/mokymai\/wp-json\/wp\/v2\/users\/1"}],"replies":[{"embeddable":true,"href":"https:\/\/adliberum.lt\/mokymai\/wp-json\/wp\/v2\/comments?post=412"}],"version-history":[{"count":37,"href":"https:\/\/adliberum.lt\/mokymai\/wp-json\/wp\/v2\/pages\/412\/revisions"}],"predecessor-version":[{"id":1719,"href":"https:\/\/adliberum.lt\/mokymai\/wp-json\/wp\/v2\/pages\/412\/revisions\/1719"}],"wp:attachment":[{"href":"https:\/\/adliberum.lt\/mokymai\/wp-json\/wp\/v2\/media?parent=412"}],"curies":[{"name":"wp","href":"https:\/\/api.w.org\/{rel}","templated":true}]}}